{"id":5504,"date":"2019-07-03T09:58:03","date_gmt":"2019-07-03T08:58:03","guid":{"rendered":"https:\/\/www.aziendaspiniuova.it\/prodotto\/tiefkuhlprodukte\/"},"modified":"2019-07-30T13:50:59","modified_gmt":"2019-07-30T12:50:59","slug":"tiefkuhlprodukte","status":"publish","type":"product","link":"https:\/\/www.aziendaspiniuova.it\/de\/prodotto\/tiefkuhlprodukte\/","title":{"rendered":"Tiefk\u00fchlprodukte"},"content":{"rendered":"<p>Wir haben eine Auswahl an Tiefk\u00fchlprodukten, die auf Ihre Bed\u00fcrfnisse zugeschnitten sind. Kontaktieren Sie uns f\u00fcr weitere Informationen<\/p>\n","protected":false},"excerpt":{"rendered":"<p>Wir haben eine Auswahl an Tiefk\u00fchlprodukten, die auf Ihre Bed\u00fcrfnisse zugeschnitten sind. Kontaktieren Sie uns f\u00fcr weitere Informationen<\/p>\n","protected":false},"featured_media":4495,"template":"","meta":[],"product_brand":[],"product_cat":[263],"product_tag":[],"class_list":{"0":"post-5504","1":"product","2":"type-product","3":"status-publish","4":"has-post-thumbnail","6":"product_cat-tiefkuhlprodukte","8":"first","9":"instock","10":"shipping-taxable","11":"product-type-simple"},"_links":{"self":[{"href":"https:\/\/www.aziendaspiniuova.it\/de\/wp-json\/wp\/v2\/product\/5504","targetHints":{"allow":["GET"]}}],"collection":[{"href":"https:\/\/www.aziendaspiniuova.it\/de\/wp-json\/wp\/v2\/product"}],"about":[{"href":"https:\/\/www.aziendaspiniuova.it\/de\/wp-json\/wp\/v2\/types\/product"}],"wp:featuredmedia":[{"embeddable":true,"href":"https:\/\/www.aziendaspiniuova.it\/de\/wp-json\/wp\/v2\/media\/4495"}],"wp:attachment":[{"href":"https:\/\/www.aziendaspiniuova.it\/de\/wp-json\/wp\/v2\/media?parent=5504"}],"wp:term":[{"taxonomy":"product_brand","embeddable":true,"href":"https:\/\/www.aziendaspiniuova.it\/de\/wp-json\/wp\/v2\/product_brand?post=5504"},{"taxonomy":"product_cat","embeddable":true,"href":"https:\/\/www.aziendaspiniuova.it\/de\/wp-json\/wp\/v2\/product_cat?post=5504"},{"taxonomy":"product_tag","embeddable":true,"href":"https:\/\/www.aziendaspiniuova.it\/de\/wp-json\/wp\/v2\/product_tag?post=5504"}],"curies":[{"name":"wp","href":"https:\/\/api.w.org\/{rel}","templated":true}]}}