{"id":5545,"date":"2015-11-09T13:27:30","date_gmt":"2015-11-09T12:27:30","guid":{"rendered":"https:\/\/www.aziendaspiniuova.it\/prodotto\/suser-gorgonzola-antica-fattoria\/"},"modified":"2019-07-30T15:02:57","modified_gmt":"2019-07-30T14:02:57","slug":"suser-gorgonzola-antica-fattoria","status":"publish","type":"product","link":"https:\/\/www.aziendaspiniuova.it\/de\/prodotto\/suser-gorgonzola-antica-fattoria\/","title":{"rendered":"s\u00fc\u00dfer Gorgonzola ANTICA FATTORIA"},"content":{"rendered":"<ul>\n<li>s\u00fc\u00dfer Gorgonzola ANTICA FATTORIA <a href=\"https:\/\/www.aziendaspiniuova.it\/wp-content\/uploads\/Scheda-tecnica-GORGONZOLA-DOLCE.pdf\">Technisches Datenblatt s\u00fc\u00dfer Gorgonzola<\/a><\/li>\n<\/ul>\n","protected":false},"excerpt":{"rendered":"<p>s\u00fc\u00dfer Gorgonzola ANTICA FATTORIA Technisches Datenblatt s\u00fc\u00dfer Gorgonzola<\/p>\n","protected":false},"featured_media":5070,"template":"","meta":[],"product_brand":[],"product_cat":[255],"product_tag":[],"class_list":{"0":"post-5545","1":"product","2":"type-product","3":"status-publish","4":"has-post-thumbnail","6":"product_cat-gorgonzola-de","8":"first","9":"instock","10":"featured","11":"shipping-taxable","12":"product-type-simple"},"_links":{"self":[{"href":"https:\/\/www.aziendaspiniuova.it\/de\/wp-json\/wp\/v2\/product\/5545","targetHints":{"allow":["GET"]}}],"collection":[{"href":"https:\/\/www.aziendaspiniuova.it\/de\/wp-json\/wp\/v2\/product"}],"about":[{"href":"https:\/\/www.aziendaspiniuova.it\/de\/wp-json\/wp\/v2\/types\/product"}],"wp:featuredmedia":[{"embeddable":true,"href":"https:\/\/www.aziendaspiniuova.it\/de\/wp-json\/wp\/v2\/media\/5070"}],"wp:attachment":[{"href":"https:\/\/www.aziendaspiniuova.it\/de\/wp-json\/wp\/v2\/media?parent=5545"}],"wp:term":[{"taxonomy":"product_brand","embeddable":true,"href":"https:\/\/www.aziendaspiniuova.it\/de\/wp-json\/wp\/v2\/product_brand?post=5545"},{"taxonomy":"product_cat","embeddable":true,"href":"https:\/\/www.aziendaspiniuova.it\/de\/wp-json\/wp\/v2\/product_cat?post=5545"},{"taxonomy":"product_tag","embeddable":true,"href":"https:\/\/www.aziendaspiniuova.it\/de\/wp-json\/wp\/v2\/product_tag?post=5545"}],"curies":[{"name":"wp","href":"https:\/\/api.w.org\/{rel}","templated":true}]}}