{"id":5567,"date":"2015-11-09T11:49:08","date_gmt":"2015-11-09T10:49:08","guid":{"rendered":"https:\/\/www.aziendaspiniuova.it\/prodotto\/grana-padano-formen\/"},"modified":"2019-07-30T15:37:59","modified_gmt":"2019-07-30T14:37:59","slug":"grana-padano-formen","status":"publish","type":"product","link":"https:\/\/www.aziendaspiniuova.it\/de\/prodotto\/grana-padano-formen\/","title":{"rendered":"GRANA PADANO FORMEN"},"content":{"rendered":"<ul>\n<li>GRANA PADANO DOP FORMEN <a href=\"https:\/\/www.aziendaspiniuova.it\/wp-content\/uploads\/GRANA-PADANO.pdf\">GRANA PADANO<\/a><\/li>\n<li>GERIEBENER K\u00c4SE PADANO 1000g, 100g, In ST\u00dcCKE geschnittener K\u00c4SE <a href=\"https:\/\/www.aziendaspiniuova.it\/wp-content\/uploads\/G11-Grana-Padano-Soresina-grattugiato.pdf\">G11 Grana Padano Soresina GERIEBENER K\u00c4SE<\/a>\u00a0\u00a0<a href=\"https:\/\/www.aziendaspiniuova.it\/wp-content\/uploads\/20C364FX-grana-porzionato.pdf\">20C364FX grana In ST\u00dcCKE geschnittener K\u00c4SE<\/a>\u00a0\u00a0<a href=\"https:\/\/www.aziendaspiniuova.it\/wp-content\/uploads\/GRANA-PADANO-GRATT.-OK-OK.doc\">GRANA PADANO GERIEBENER K\u00c4SE OK<\/a><\/li>\n<\/ul>\n","protected":false},"excerpt":{"rendered":"<p>GRANA PADANO DOP FORMEN GRANA PADANO GERIEBENER K\u00c4SE PADANO 1000g, 100g, In ST\u00dcCKE geschnittener K\u00c4SE G11 Grana Padano Soresina GERIEBENER K\u00c4SE\u00a0\u00a020C364FX grana In ST\u00dcCKE geschnittener K\u00c4SE\u00a0\u00a0GRANA PADANO GERIEBENER K\u00c4SE OK<\/p>\n","protected":false},"featured_media":4893,"template":"","meta":[],"product_brand":[],"product_cat":[256],"product_tag":[],"class_list":{"0":"post-5567","1":"product","2":"type-product","3":"status-publish","4":"has-post-thumbnail","6":"product_cat-grana-de","8":"first","9":"instock","10":"shipping-taxable","11":"product-type-simple"},"_links":{"self":[{"href":"https:\/\/www.aziendaspiniuova.it\/de\/wp-json\/wp\/v2\/product\/5567","targetHints":{"allow":["GET"]}}],"collection":[{"href":"https:\/\/www.aziendaspiniuova.it\/de\/wp-json\/wp\/v2\/product"}],"about":[{"href":"https:\/\/www.aziendaspiniuova.it\/de\/wp-json\/wp\/v2\/types\/product"}],"wp:featuredmedia":[{"embeddable":true,"href":"https:\/\/www.aziendaspiniuova.it\/de\/wp-json\/wp\/v2\/media\/4893"}],"wp:attachment":[{"href":"https:\/\/www.aziendaspiniuova.it\/de\/wp-json\/wp\/v2\/media?parent=5567"}],"wp:term":[{"taxonomy":"product_brand","embeddable":true,"href":"https:\/\/www.aziendaspiniuova.it\/de\/wp-json\/wp\/v2\/product_brand?post=5567"},{"taxonomy":"product_cat","embeddable":true,"href":"https:\/\/www.aziendaspiniuova.it\/de\/wp-json\/wp\/v2\/product_cat?post=5567"},{"taxonomy":"product_tag","embeddable":true,"href":"https:\/\/www.aziendaspiniuova.it\/de\/wp-json\/wp\/v2\/product_tag?post=5567"}],"curies":[{"name":"wp","href":"https:\/\/api.w.org\/{rel}","templated":true}]}}