{"id":5582,"date":"2015-11-07T10:16:27","date_gmt":"2015-11-07T09:16:27","guid":{"rendered":"https:\/\/www.aziendaspiniuova.it\/prodotto\/pecorino-in-der-hohle-gewurzt\/"},"modified":"2019-07-30T15:48:48","modified_gmt":"2019-07-30T14:48:48","slug":"pecorino-in-der-hohle-gewurzt","status":"publish","type":"product","link":"https:\/\/www.aziendaspiniuova.it\/de\/prodotto\/pecorino-in-der-hohle-gewurzt\/","title":{"rendered":"PECORINO IN DER H\u00d6HLE GEW\u00dcRZT"},"content":{"rendered":"<ul>\n<li>PECORINO IN DER H\u00d6HLE GEW\u00dcRZT <a href=\"https:\/\/www.aziendaspiniuova.it\/wp-content\/uploads\/scheda-tecnica-e-nutrizionale-PECORINO-GROTTA-2015.pdf\">technisches und N\u00e4hrwertdatenblatt PECORINO GROTTA 2015<\/a><\/li>\n<\/ul>\n","protected":false},"excerpt":{"rendered":"<p>PECORINO IN DER H\u00d6HLE GEW\u00dcRZT technisches und N\u00e4hrwertdatenblatt PECORINO GROTTA 2015<\/p>\n","protected":false},"featured_media":4964,"template":"","meta":[],"product_brand":[],"product_cat":[260],"product_tag":[],"class_list":{"0":"post-5582","1":"product","2":"type-product","3":"status-publish","4":"has-post-thumbnail","6":"product_cat-schaf","8":"first","9":"instock","10":"shipping-taxable","11":"product-type-simple"},"_links":{"self":[{"href":"https:\/\/www.aziendaspiniuova.it\/de\/wp-json\/wp\/v2\/product\/5582","targetHints":{"allow":["GET"]}}],"collection":[{"href":"https:\/\/www.aziendaspiniuova.it\/de\/wp-json\/wp\/v2\/product"}],"about":[{"href":"https:\/\/www.aziendaspiniuova.it\/de\/wp-json\/wp\/v2\/types\/product"}],"wp:featuredmedia":[{"embeddable":true,"href":"https:\/\/www.aziendaspiniuova.it\/de\/wp-json\/wp\/v2\/media\/4964"}],"wp:attachment":[{"href":"https:\/\/www.aziendaspiniuova.it\/de\/wp-json\/wp\/v2\/media?parent=5582"}],"wp:term":[{"taxonomy":"product_brand","embeddable":true,"href":"https:\/\/www.aziendaspiniuova.it\/de\/wp-json\/wp\/v2\/product_brand?post=5582"},{"taxonomy":"product_cat","embeddable":true,"href":"https:\/\/www.aziendaspiniuova.it\/de\/wp-json\/wp\/v2\/product_cat?post=5582"},{"taxonomy":"product_tag","embeddable":true,"href":"https:\/\/www.aziendaspiniuova.it\/de\/wp-json\/wp\/v2\/product_tag?post=5582"}],"curies":[{"name":"wp","href":"https:\/\/api.w.org\/{rel}","templated":true}]}}