{"id":5601,"date":"2015-11-06T15:01:26","date_gmt":"2015-11-06T14:01:26","guid":{"rendered":"https:\/\/www.aziendaspiniuova.it\/prodotto\/spezielle-eier-fur-nudelteig-und-kuchen\/"},"modified":"2019-07-30T16:03:14","modified_gmt":"2019-07-30T15:03:14","slug":"spezielle-eier-fur-nudelteig-und-kuchen","status":"publish","type":"product","link":"https:\/\/www.aziendaspiniuova.it\/de\/prodotto\/spezielle-eier-fur-nudelteig-und-kuchen\/","title":{"rendered":"SPEZIELLE EIER F\u00dcR NUDELTEIG UND KUCHEN"},"content":{"rendered":"<p>SPEZIELLE EIER AUS K\u00c4FIGHALTUNG, IDEAL F\u00dcR KUCHEN UND TORTEN<\/p>\n<p><a href=\"https:\/\/www.aziendaspiniuova.it\/wp-content\/uploads\/Scheda-tecnicaUOVA-in-gabbia.pdf\">Technisches Datenblatt &#8211; Eier in einem K\u00e4fig<\/a><\/p>\n","protected":false},"excerpt":{"rendered":"<p>SPEZIELLE EIER AUS K\u00c4FIGHALTUNG, IDEAL F\u00dcR KUCHEN UND TORTEN Technisches Datenblatt &#8211; Eier in einem K\u00e4fig<\/p>\n","protected":false},"featured_media":4523,"template":"","meta":[],"product_brand":[],"product_cat":[266],"product_tag":[],"class_list":{"0":"post-5601","1":"product","2":"type-product","3":"status-publish","4":"has-post-thumbnail","6":"product_cat-eier","8":"first","9":"instock","10":"shipping-taxable","11":"product-type-simple"},"_links":{"self":[{"href":"https:\/\/www.aziendaspiniuova.it\/de\/wp-json\/wp\/v2\/product\/5601","targetHints":{"allow":["GET"]}}],"collection":[{"href":"https:\/\/www.aziendaspiniuova.it\/de\/wp-json\/wp\/v2\/product"}],"about":[{"href":"https:\/\/www.aziendaspiniuova.it\/de\/wp-json\/wp\/v2\/types\/product"}],"wp:featuredmedia":[{"embeddable":true,"href":"https:\/\/www.aziendaspiniuova.it\/de\/wp-json\/wp\/v2\/media\/4523"}],"wp:attachment":[{"href":"https:\/\/www.aziendaspiniuova.it\/de\/wp-json\/wp\/v2\/media?parent=5601"}],"wp:term":[{"taxonomy":"product_brand","embeddable":true,"href":"https:\/\/www.aziendaspiniuova.it\/de\/wp-json\/wp\/v2\/product_brand?post=5601"},{"taxonomy":"product_cat","embeddable":true,"href":"https:\/\/www.aziendaspiniuova.it\/de\/wp-json\/wp\/v2\/product_cat?post=5601"},{"taxonomy":"product_tag","embeddable":true,"href":"https:\/\/www.aziendaspiniuova.it\/de\/wp-json\/wp\/v2\/product_tag?post=5601"}],"curies":[{"name":"wp","href":"https:\/\/api.w.org\/{rel}","templated":true}]}}