{"id":5359,"date":"2019-07-26T08:41:59","date_gmt":"2019-07-26T07:41:59","guid":{"rendered":"https:\/\/www.aziendaspiniuova.it\/?page_id=5359"},"modified":"2019-07-31T13:45:45","modified_gmt":"2019-07-31T12:45:45","slug":"societe","status":"publish","type":"page","link":"https:\/\/www.aziendaspiniuova.it\/fr\/societe\/","title":{"rendered":"Soci\u00e9t\u00e9"},"content":{"rendered":"\t<div id=\"gap-966466778\" class=\"gap-element clearfix\" style=\"display:block; height:auto;\">\n\t\t\n<style>\n#gap-966466778 {\n  padding-top: 47px;\n}\n<\/style>\n\t<\/div>\n\t\n<div class=\"row\"  id=\"row-821703643\">\n\n\t<div id=\"col-909800644\" class=\"col small-12 large-12\"  >\n\t\t\t\t<div class=\"col-inner\"  >\n\t\t\t\n\t\t\t\n<h1 style=\"text-align: center;\">UNE HISTOIRE DE PRESQUE UN SI\u00c8CLE<\/h1>\n\t\t<\/div>\n\t\t\t\t\t<\/div>\n\n\t\n<\/div>\n<div class=\"row align-middle\"  id=\"row-1739246216\">\n\n\t<div id=\"col-1126341143\" class=\"col medium-6 small-12 large-6\"  >\n\t\t\t\t<div class=\"col-inner\"  >\n\t\t\t\n\t\t\t\n\t<div class=\"img has-hover x md-x lg-x y md-y lg-y\" id=\"image_106717348\">\n\t\t\t\t\t\t\t\t<div class=\"img-inner dark\" >\n\t\t\t<img loading=\"lazy\" decoding=\"async\" width=\"1020\" height=\"642\" src=\"https:\/\/www.aziendaspiniuova.it\/wp-content\/uploads\/foto-nonno.jpg\" class=\"attachment-large size-large\" alt=\"\" srcset=\"https:\/\/www.aziendaspiniuova.it\/wp-content\/uploads\/foto-nonno.jpg 1408w, https:\/\/www.aziendaspiniuova.it\/wp-content\/uploads\/foto-nonno-510x321.jpg 510w, https:\/\/www.aziendaspiniuova.it\/wp-content\/uploads\/foto-nonno-200x126.jpg 200w, https:\/\/www.aziendaspiniuova.it\/wp-content\/uploads\/foto-nonno-560x352.jpg 560w, https:\/\/www.aziendaspiniuova.it\/wp-content\/uploads\/foto-nonno-840x529.jpg 840w, https:\/\/www.aziendaspiniuova.it\/wp-content\/uploads\/foto-nonno-1120x705.jpg 1120w\" sizes=\"auto, (max-width: 1020px) 100vw, 1020px\" \/>\t\t\t\t\t\t\n\t\t\t\t\t<\/div>\n\t\t\t\t\t\t\t\t\n<style>\n#image_106717348 {\n  width: 100%;\n}\n<\/style>\n\t<\/div>\n\t\n\t\t<\/div>\n\t\t\t\t\t<\/div>\n\n\t\n\n\t<div id=\"col-732906880\" class=\"col medium-6 small-12 large-6\"  >\n\t\t\t\t<div class=\"col-inner\"  >\n\t\t\t\n\t\t\t\n<h5 class=\"uppercase\">Notre histoire commence en 1936<\/h5>\n<p>quand <strong>Alfredo Spini <\/strong>entreprend une activit\u00e9 artisanale de vente d&rsquo;oeufs et de volailles. En quelques ann\u00e9es, gr\u00e2ce a un effort constant d&rsquo;am\u00e9lioration, l&rsquo;activit\u00e9 se d\u00e9veloppe dans le secteur de l&rsquo;aviculture et de la commercialisation des produits alimentaires frais.<\/p>\n\t\t<\/div>\n\t\t\t\t\t<\/div>\n\n\t\n<\/div>\n<div class=\"row align-middle\"  id=\"row-596431994\">\n\n\t<div id=\"col-1746858192\" class=\"col medium-6 small-12 large-6\"  >\n\t\t\t\t<div class=\"col-inner\"  >\n\t\t\t\n\t\t\t\n\t<div class=\"img has-hover x md-x lg-x y md-y lg-y\" id=\"image_1547173240\">\n\t\t\t\t\t\t\t\t<div class=\"img-inner dark\" >\n\t\t\t<img loading=\"lazy\" decoding=\"async\" width=\"893\" height=\"800\" src=\"https:\/\/www.aziendaspiniuova.it\/wp-content\/uploads\/mamma.jpg\" class=\"attachment-large size-large\" alt=\"\" srcset=\"https:\/\/www.aziendaspiniuova.it\/wp-content\/uploads\/mamma.jpg 1057w, https:\/\/www.aziendaspiniuova.it\/wp-content\/uploads\/mamma-510x457.jpg 510w, https:\/\/www.aziendaspiniuova.it\/wp-content\/uploads\/mamma-200x179.jpg 200w, https:\/\/www.aziendaspiniuova.it\/wp-content\/uploads\/mamma-560x502.jpg 560w, https:\/\/www.aziendaspiniuova.it\/wp-content\/uploads\/mamma-840x753.jpg 840w\" sizes=\"auto, (max-width: 893px) 100vw, 893px\" \/>\t\t\t\t\t\t\n\t\t\t\t\t<\/div>\n\t\t\t\t\t\t\t\t\n<style>\n#image_1547173240 {\n  width: 100%;\n}\n<\/style>\n\t<\/div>\n\t\n\t\t<\/div>\n\t\t\t\t\t<\/div>\n\n\t\n\n\t<div id=\"col-1556278945\" class=\"col medium-6 small-12 large-6\"  >\n\t\t\t\t<div class=\"col-inner\"  >\n\t\t\t\n\t\t\t\n<p>En 1972,\u00a0<strong>Fiorino<\/strong>, le fils du fondateur, reprend le timon et fonde l&rsquo;actuelle\u00a0<strong>AZIENDA SPINI UOVA<\/strong>.<br \/>\nAu fil des ann\u00e9es, Fiorino et son \u00e9pouse\u00a0<strong>FRANCA ROSSI<\/strong> consolident l&rsquo;activit\u00e9 et \u00e9tendent la gamme de produits\u00a0: des oeufs \u00e0 coquille aux ovoproduits en passant par les volailles fra\u00eeches et les produits congel\u00e9s et surgel\u00e9s.<\/p>\n\t\t<\/div>\n\t\t\t\t\t<\/div>\n\n\t\n<\/div>\n\t<div id=\"gap-1555373587\" class=\"gap-element clearfix\" style=\"display:block; height:auto;\">\n\t\t\n<style>\n#gap-1555373587 {\n  padding-top: 40px;\n}\n<\/style>\n\t<\/div>\n\t\n\n\t<section class=\"section dark has-mask mask-arrow\" id=\"section_1742267848\">\n\t\t<div class=\"section-bg fill\" >\n\t\t\t\t\t\t\t\t\t\n\t\t\t\n\t<div class=\"is-border\"\n\t\tstyle=\"border-color:rgb(235, 235, 235);border-width:1px 0px 0px 0px;\">\n\t<\/div>\n\n\t\t<\/div>\n\n\t\t\n\n\t\t<div class=\"section-content relative\">\n\t\t\t\n<div class=\"row\"  id=\"row-1603125086\">\n\n\t<div id=\"col-1226923099\" class=\"col medium-6 small-12 large-6\"  >\n\t\t\t\t<div class=\"col-inner text-shadow-2\"  >\n\t\t\t\n\t\t\t\n<p>En 2001, l&rsquo;inauguration du nouveau site de production permet d&rsquo;\u00e9largir encore la gamme de produits avec l&rsquo;introduction de produits laitiers-fromagers.<\/p>\n<p>L&rsquo;entr\u00e9e dans l&rsquo;entreprise des quatre enfants du couple, <strong>DAVIDE, LUCA, FEDERICA et ELISA<\/strong> rend possible le d\u00e9veloppement de la capacit\u00e9 de l&rsquo;entreprise.<\/p>\n\t\t<\/div>\n\t\t\t\t\t<\/div>\n\n\t\n\n\t<div id=\"col-498614482\" class=\"col medium-6 small-12 large-6\"  >\n\t\t\t\t<div class=\"col-inner text-shadow-2\"  >\n\t\t\t\n\t\t\t\n<h5 class=\"uppercase\">AUJOURD&rsquo;HUI<\/h5>\n<p>Aventure remarquable par sa long\u00e9vit\u00e9, Spini Uova n&rsquo;en reste pas moins une entreprise jeune et dynamique en \u00e9volution constante, qui n&rsquo;oublie pas son fort enracinement dans la territoire qui l&rsquo;a vue na\u00eetre.<\/p>\n<p>La marque Azienda Spini Uova est une garantie de qualit\u00e9, de s\u00e9rieux et de respect pour l&rsquo;environnement.<\/p>\n\t\t<\/div>\n\t\t\t\t\t<\/div>\n\n\t\n<\/div>\n\t\t<\/div>\n\n\t\t\n<style>\n#section_1742267848 {\n  padding-top: 59px;\n  padding-bottom: 59px;\n  min-height: 300px;\n  background-color: rgb(47, 132, 208);\n}\n<\/style>\n\t<\/section>\n\t\n<div class=\"row row-collapse row-full-width\"  id=\"row-47337620\">\n\n\t<div id=\"col-1729270346\" class=\"col small-12 large-12\"  >\n\t\t\t\t<div class=\"col-inner\"  >\n\t\t\t\n\t\t\t\n\n\t<section class=\"section\" id=\"section_93985736\">\n\t\t<div class=\"section-bg fill\" >\n\t\t\t<img loading=\"lazy\" decoding=\"async\" width=\"2048\" height=\"573\" src=\"https:\/\/www.aziendaspiniuova.it\/wp-content\/uploads\/Immagine-015-e1448029585593.jpg\" class=\"bg attachment- size-\" alt=\"\" \/>\t\t\t\t\t\t\n\t\t\t\n\n\t\t<\/div>\n\n\t\t\n\n\t\t<div class=\"section-content relative\">\n\t\t\t\n<div class=\"row row-small row-full-width align-middle align-center\"  id=\"row-899223579\">\n\n\t<div id=\"col-1566734859\" class=\"col medium-8 small-12 large-8\"  >\n\t\t\t\t<div class=\"col-inner text-center\"  >\n\t\t\t\n\t\t\t\n\t<div class=\"img has-hover x md-x lg-x y md-y lg-y\" id=\"image_1648323865\">\n\t\t\t\t\t\t\t\t<div class=\"img-inner dark\" >\n\t\t\t<img loading=\"lazy\" decoding=\"async\" width=\"400\" height=\"152\" src=\"https:\/\/www.aziendaspiniuova.it\/wp-content\/uploads\/logo-spini-uova1.jpg\" class=\"attachment-original size-original\" alt=\"\" srcset=\"https:\/\/www.aziendaspiniuova.it\/wp-content\/uploads\/logo-spini-uova1.jpg 400w, https:\/\/www.aziendaspiniuova.it\/wp-content\/uploads\/logo-spini-uova1-200x76.jpg 200w\" sizes=\"auto, (max-width: 400px) 100vw, 400px\" \/>\t\t\t\t\t\t\n\t\t\t\t\t<\/div>\n\t\t\t\t\t\t\t\t\n<style>\n#image_1648323865 {\n  width: 26%;\n}\n<\/style>\n\t<\/div>\n\t\n<div id=\"primary\" class=\"site-content \">\n<div id=\"content\" role=\"main\">\n<article id=\"post-2\" class=\"post-2 page type-page status-publish hentry \">\n<div class=\"entry-content\">\n<div class=\"row arrowed-top \" data-cols=\"1\">\n<div class=\"row-inside\">\n<div class=\"column pix-lazy-load available pix-loaded\" data-col=\"1\" data-child=\"first\" data-delay=\"100\">\n<p style=\"text-align: center;\"><span style=\"background-color: #ffffff; color: #333333;\">LA COMPOSANTE HUMAINE EST UN \u00c9L\u00c9MENT ESSENTIEL POUR LE D\u00c9VELOPPEMENT DE L&rsquo;ENTREPRISE SPINI UOVA QUI, AVEC ENTHOUSIASME ET PASSION, S&rsquo;EMPLOIE \u00c0 R\u00c9PONDRE AUX EXIGENCES LES PLUS VARI\u00c9ES, AUX ATTENTES DU MARCH\u00c9 ET D&rsquo;UNE CLIENT\u00c8LE FID\u00c9LIS\u00c9E.<\/span><\/p>\n<\/div>\n<\/div>\n<\/div>\n<\/div>\n<\/article>\n<\/div>\n<\/div>\n\t\t<\/div>\n\t\t\t\t\n<style>\n#col-1566734859 > .col-inner {\n  padding: 0px 35px 0px 35px;\n}\n<\/style>\n\t<\/div>\n\n\t\n<\/div>\n\t\t<\/div>\n\n\t\t\n<style>\n#section_93985736 {\n  padding-top: 60px;\n  padding-bottom: 60px;\n  min-height: 300px;\n  background-color: rgb(245, 245, 245);\n}\n<\/style>\n\t<\/section>\n\t\n\t\t<\/div>\n\t\t\t\t\t<\/div>\n\n\t\n<\/div>\n","protected":false},"excerpt":{"rendered":"","protected":false},"author":1,"featured_media":0,"parent":0,"menu_order":0,"comment_status":"closed","ping_status":"closed","template":"page-blank.php","meta":{"footnotes":""},"class_list":["post-5359","page","type-page","status-publish","hentry"],"_links":{"self":[{"href":"https:\/\/www.aziendaspiniuova.it\/fr\/wp-json\/wp\/v2\/pages\/5359","targetHints":{"allow":["GET"]}}],"collection":[{"href":"https:\/\/www.aziendaspiniuova.it\/fr\/wp-json\/wp\/v2\/pages"}],"about":[{"href":"https:\/\/www.aziendaspiniuova.it\/fr\/wp-json\/wp\/v2\/types\/page"}],"author":[{"embeddable":true,"href":"https:\/\/www.aziendaspiniuova.it\/fr\/wp-json\/wp\/v2\/users\/1"}],"replies":[{"embeddable":true,"href":"https:\/\/www.aziendaspiniuova.it\/fr\/wp-json\/wp\/v2\/comments?post=5359"}],"version-history":[{"count":0,"href":"https:\/\/www.aziendaspiniuova.it\/fr\/wp-json\/wp\/v2\/pages\/5359\/revisions"}],"wp:attachment":[{"href":"https:\/\/www.aziendaspiniuova.it\/fr\/wp-json\/wp\/v2\/media?parent=5359"}],"curies":[{"name":"wp","href":"https:\/\/api.w.org\/{rel}","templated":true}]}}