{"id":5371,"date":"2019-07-26T08:51:33","date_gmt":"2019-07-26T07:51:33","guid":{"rendered":"https:\/\/www.aziendaspiniuova.it\/?page_id=5371"},"modified":"2019-07-26T08:51:33","modified_gmt":"2019-07-26T07:51:33","slug":"produits","status":"publish","type":"page","link":"https:\/\/www.aziendaspiniuova.it\/fr\/produits\/","title":{"rendered":"Produits"},"content":{"rendered":"<div class=\"row\"  id=\"row-275025527\">\n\n\t<div id=\"col-466018635\" class=\"col small-12 large-12\"  >\n\t\t\t\t<div class=\"col-inner\"  >\n\t\t\t\n\t\t\t\n<h5 class=\"uppercase\">UNE LARGE GAMME DE PRODUITS<\/h5>\n<p>Spini uova propose une large gamme de produits allant des \u0153ufs traditionnels en coquille aux produits \u00e0 base d&rsquo;\u0153ufs, en passant par la volaille fra\u00eeche, ainsi que les produits congel\u00e9s et surgel\u00e9s.<\/p>\n  <style>\n    #cats-2055543277 .grid-col-1{height: 600px}\n    #cats-2055543277 .grid-col-1-2{height: 300px}\n    #cats-2055543277 .grid-col-1-3{height:200px}\n    #cats-2055543277 .grid-col-2-3{height: 400px}\n    #cats-2055543277 .grid-col-1-4{height: 150px}\n    #cats-2055543277 .grid-col-3-4{height: 450px}\n\n\n        \/* Tablet *\/\n    @media (max-width: 850px){\n      #cats-2055543277 .grid-col-1{height: 400px}\n      #cats-2055543277 .grid-col-1-2{height: 200px}\n      #cats-2055543277 .grid-col-1-3{height:133.33333333333px}\n      #cats-2055543277 .grid-col-2-3{height: 266.66666666667px}\n      #cats-2055543277 .grid-col-1-4{height: 100px}\n      #cats-2055543277 .grid-col-3-4{height: 300px}\n    }\n    \n        \/* Mobile *\/\n    @media (max-width: 550px){\n      #cats-2055543277 .grid-col-1{height: 400px}\n      #cats-2055543277 .grid-col-1-2{height: 200px}\n      #cats-2055543277 .grid-col-1-3{height:133.33333333333px}\n      #cats-2055543277 .grid-col-2-3{height: 266.66666666667px}\n      #cats-2055543277 .grid-col-1-4{height: 100px}\n      #cats-2055543277 .grid-col-3-4{height: 300px}\n    }\n    \n\n  <\/style>\n  \n  \n    <div id=\"cats-2055543277\" class=\"row row-small row-grid\" data-packery-options='{\"itemSelector\": \".col\", \"gutter\": 0, \"presentageWidth\" : true}'>\n\n  <div class=\"product-category col grid-col grid-col-1 large-6 medium-12\" >\n            <div class=\"col-inner\">\n              <a aria-label=\"Acc\u00e9der \u00e0 la cat\u00e9gorie de produits Charcuterie\" href=\"https:\/\/www.aziendaspiniuova.it\/fr\/cat\u00e9gorie-produit\/charcuterie\/\">                <div class=\"box box-category has-hover box-badge hover-dark \">\n                <div class=\"box-image\" >\n                  <div class=\"\" >\n                  <img loading=\"lazy\" decoding=\"async\" src=\"https:\/\/www.aziendaspiniuova.it\/wp-content\/uploads\/spiniUova-0151-1.jpg\" alt=\"Charcuterie\" width=\"300\" height=\"300\" \/>                                                      <\/div>\n                <\/div>\n                <div class=\"box-text text-center\" >\n                  <div class=\"box-text-inner\">\n                      <h5 class=\"uppercase header-title\">\n                              Charcuterie                      <\/h5>\n                                            <p class=\"is-xsmall uppercase count \">\n\t                      7 Produits                      <\/p>\n                                            \n                  <\/div>\n                <\/div>\n                <\/div>\n            <\/a>            <\/div>\n            <\/div><div class=\"product-category col grid-col grid-col-1-2 large-6 medium-6\" >\n            <div class=\"col-inner\">\n              <a aria-label=\"Acc\u00e9der \u00e0 la cat\u00e9gorie de produits Oeufs\" href=\"https:\/\/www.aziendaspiniuova.it\/fr\/cat\u00e9gorie-produit\/oeufs\/\">                <div class=\"box box-category has-hover box-badge hover-dark \">\n                <div class=\"box-image\" >\n                  <div class=\"\" >\n                  <img loading=\"lazy\" decoding=\"async\" src=\"https:\/\/www.aziendaspiniuova.it\/wp-content\/uploads\/spiniUova-036-1-599x400.jpg\" alt=\"Oeufs\" width=\"300\" height=\"300\" \/>                                                      <\/div>\n                <\/div>\n                <div class=\"box-text text-center\" >\n                  <div class=\"box-text-inner\">\n                      <h5 class=\"uppercase header-title\">\n                              Oeufs                      <\/h5>\n                                            <p class=\"is-xsmall uppercase count \">\n\t                      5 Produits                      <\/p>\n                                            \n                  <\/div>\n                <\/div>\n                <\/div>\n            <\/a>            <\/div>\n            <\/div><div class=\"product-category col grid-col grid-col-1-2 large-3 medium-6\" >\n            <div class=\"col-inner\">\n              <a aria-label=\"Acc\u00e9der \u00e0 la cat\u00e9gorie de produits Produits laitiers-fromagers\" href=\"https:\/\/www.aziendaspiniuova.it\/fr\/cat\u00e9gorie-produit\/produits-laitiers-fromagers\/\">                <div class=\"box box-category has-hover box-badge hover-dark \">\n                <div class=\"box-image\" >\n                  <div class=\"\" >\n                  <img loading=\"lazy\" decoding=\"async\" src=\"https:\/\/www.aziendaspiniuova.it\/wp-content\/uploads\/spiniuova-web-2014-022-247x300.jpg\" alt=\"Produits laitiers-fromagers\" width=\"300\" height=\"300\" \/>                                                      <\/div>\n                <\/div>\n                <div class=\"box-text text-center\" >\n                  <div class=\"box-text-inner\">\n                      <h5 class=\"uppercase header-title\">\n                              Produits laitiers-fromagers                      <\/h5>\n                                            <p class=\"is-xsmall uppercase count \">\n\t                      85 Produits                      <\/p>\n                                            \n                  <\/div>\n                <\/div>\n                <\/div>\n            <\/a>            <\/div>\n            <\/div><div class=\"product-category col grid-col grid-col-1-2 large-3 medium-6\" >\n            <div class=\"col-inner\">\n              <a aria-label=\"Acc\u00e9der \u00e0 la cat\u00e9gorie de produits Produits surgel\u00e9s\" href=\"https:\/\/www.aziendaspiniuova.it\/fr\/cat\u00e9gorie-produit\/produits-surgeles\/\">                <div class=\"box box-category has-hover box-badge hover-dark \">\n                <div class=\"box-image\" >\n                  <div class=\"\" >\n                  <img loading=\"lazy\" decoding=\"async\" src=\"https:\/\/www.aziendaspiniuova.it\/wp-content\/uploads\/verdure-surgelate-247x300.png\" alt=\"Produits surgel\u00e9s\" width=\"300\" height=\"300\" \/>                                                      <\/div>\n                <\/div>\n                <div class=\"box-text text-center\" >\n                  <div class=\"box-text-inner\">\n                      <h5 class=\"uppercase header-title\">\n                              Produits surgel\u00e9s                      <\/h5>\n                                            <p class=\"is-xsmall uppercase count \">\n\t                      1 Produit                      <\/p>\n                                            \n                  <\/div>\n                <\/div>\n                <\/div>\n            <\/a>            <\/div>\n            <\/div><\/div>\n\t\t<\/div>\n\t\t\t\t\t<\/div>\n\n\t\n<\/div>\n<div class=\"row\"  id=\"row-175349437\">\n\n\t<div id=\"col-2124744912\" class=\"col small-12 large-12\"  >\n\t\t\t\t<div class=\"col-inner\"  >\n\t\t\t\n\t\t\t\n\t\t<\/div>\n\t\t\t\t\t<\/div>\n\n\t\n<\/div>\n","protected":false},"excerpt":{"rendered":"","protected":false},"author":1,"featured_media":0,"parent":0,"menu_order":0,"comment_status":"closed","ping_status":"closed","template":"","meta":{"footnotes":""},"class_list":["post-5371","page","type-page","status-publish","hentry"],"_links":{"self":[{"href":"https:\/\/www.aziendaspiniuova.it\/fr\/wp-json\/wp\/v2\/pages\/5371","targetHints":{"allow":["GET"]}}],"collection":[{"href":"https:\/\/www.aziendaspiniuova.it\/fr\/wp-json\/wp\/v2\/pages"}],"about":[{"href":"https:\/\/www.aziendaspiniuova.it\/fr\/wp-json\/wp\/v2\/types\/page"}],"author":[{"embeddable":true,"href":"https:\/\/www.aziendaspiniuova.it\/fr\/wp-json\/wp\/v2\/users\/1"}],"replies":[{"embeddable":true,"href":"https:\/\/www.aziendaspiniuova.it\/fr\/wp-json\/wp\/v2\/comments?post=5371"}],"version-history":[{"count":0,"href":"https:\/\/www.aziendaspiniuova.it\/fr\/wp-json\/wp\/v2\/pages\/5371\/revisions"}],"wp:attachment":[{"href":"https:\/\/www.aziendaspiniuova.it\/fr\/wp-json\/wp\/v2\/media?parent=5371"}],"curies":[{"name":"wp","href":"https:\/\/api.w.org\/{rel}","templated":true}]}}