{"id":5379,"date":"2019-07-03T09:58:03","date_gmt":"2019-07-03T08:58:03","guid":{"rendered":"https:\/\/www.aziendaspiniuova.it\/prodotto\/produits-surgeles\/"},"modified":"2019-07-26T10:49:26","modified_gmt":"2019-07-26T09:49:26","slug":"produits-surgeles","status":"publish","type":"product","link":"https:\/\/www.aziendaspiniuova.it\/fr\/produit\/produits-surgeles\/","title":{"rendered":"Produits surgel\u00e9s"},"content":{"rendered":"<p>Nous avons une s\u00e9lection de produits surgel\u00e9s con\u00e7us pour vos besoins. Contactez nous pour plus d&rsquo;informations<\/p>\n","protected":false},"excerpt":{"rendered":"<p>Nous avons une s\u00e9lection de produits surgel\u00e9s con\u00e7us pour vos besoins. Contactez nous pour plus d&rsquo;informations<\/p>\n","protected":false},"featured_media":4494,"template":"","meta":[],"product_brand":[],"product_cat":[218],"product_tag":[],"class_list":{"0":"post-5379","1":"product","2":"type-product","3":"status-publish","4":"has-post-thumbnail","6":"product_cat-produits-surgeles","8":"first","9":"instock","10":"shipping-taxable","11":"product-type-simple"},"_links":{"self":[{"href":"https:\/\/www.aziendaspiniuova.it\/fr\/wp-json\/wp\/v2\/product\/5379","targetHints":{"allow":["GET"]}}],"collection":[{"href":"https:\/\/www.aziendaspiniuova.it\/fr\/wp-json\/wp\/v2\/product"}],"about":[{"href":"https:\/\/www.aziendaspiniuova.it\/fr\/wp-json\/wp\/v2\/types\/product"}],"wp:featuredmedia":[{"embeddable":true,"href":"https:\/\/www.aziendaspiniuova.it\/fr\/wp-json\/wp\/v2\/media\/4494"}],"wp:attachment":[{"href":"https:\/\/www.aziendaspiniuova.it\/fr\/wp-json\/wp\/v2\/media?parent=5379"}],"wp:term":[{"taxonomy":"product_brand","embeddable":true,"href":"https:\/\/www.aziendaspiniuova.it\/fr\/wp-json\/wp\/v2\/product_brand?post=5379"},{"taxonomy":"product_cat","embeddable":true,"href":"https:\/\/www.aziendaspiniuova.it\/fr\/wp-json\/wp\/v2\/product_cat?post=5379"},{"taxonomy":"product_tag","embeddable":true,"href":"https:\/\/www.aziendaspiniuova.it\/fr\/wp-json\/wp\/v2\/product_tag?post=5379"}],"curies":[{"name":"wp","href":"https:\/\/api.w.org\/{rel}","templated":true}]}}