{"id":5381,"date":"2014-09-24T10:23:13","date_gmt":"2014-09-24T09:23:13","guid":{"rendered":"https:\/\/www.aziendaspiniuova.it\/prodotto\/oeufs-frais-bergamovo\/"},"modified":"2019-07-26T11:16:11","modified_gmt":"2019-07-26T10:16:11","slug":"oeufs-frais-bergamovo","status":"publish","type":"product","link":"https:\/\/www.aziendaspiniuova.it\/fr\/produit\/oeufs-frais-bergamovo\/","title":{"rendered":"Oeufs frais bergamovo"},"content":{"rendered":"<p>Bo\u00eete de 6 oeufs frais de qualit\u00e9 A km 0, provenant exclusivement d&rsquo;\u00e9levages de notre zone de production, avec date de ponte imprim\u00e9e sur la coquille<br \/>\n<a href=\"https:\/\/www.aziendaspiniuova.it\/wp-content\/uploads\/Scheda-tecnicaUOVA-Bergamovo.pdf\">Fiche technique &#8211; Oeufs Bergamovo<\/a><\/p>\n","protected":false},"excerpt":{"rendered":"<p>Bo\u00eete de 6 oeufs frais de qualit\u00e9 A km 0, provenant exclusivement d&rsquo;\u00e9levages de notre zone de production, avec date de ponte imprim\u00e9e sur la coquille Fiche technique &#8211; Oeufs Bergamovo<\/p>\n","protected":false},"featured_media":4400,"template":"","meta":[],"product_brand":[],"product_cat":[216],"product_tag":[223,234,233],"class_list":{"0":"post-5381","1":"product","2":"type-product","3":"status-publish","4":"has-post-thumbnail","6":"product_cat-oeufs","7":"product_tag-bergamovo-fr","8":"product_tag-oeufs","9":"product_tag-oeufs-frais","11":"first","12":"instock","13":"shipping-taxable","14":"product-type-simple"},"_links":{"self":[{"href":"https:\/\/www.aziendaspiniuova.it\/fr\/wp-json\/wp\/v2\/product\/5381","targetHints":{"allow":["GET"]}}],"collection":[{"href":"https:\/\/www.aziendaspiniuova.it\/fr\/wp-json\/wp\/v2\/product"}],"about":[{"href":"https:\/\/www.aziendaspiniuova.it\/fr\/wp-json\/wp\/v2\/types\/product"}],"wp:featuredmedia":[{"embeddable":true,"href":"https:\/\/www.aziendaspiniuova.it\/fr\/wp-json\/wp\/v2\/media\/4400"}],"wp:attachment":[{"href":"https:\/\/www.aziendaspiniuova.it\/fr\/wp-json\/wp\/v2\/media?parent=5381"}],"wp:term":[{"taxonomy":"product_brand","embeddable":true,"href":"https:\/\/www.aziendaspiniuova.it\/fr\/wp-json\/wp\/v2\/product_brand?post=5381"},{"taxonomy":"product_cat","embeddable":true,"href":"https:\/\/www.aziendaspiniuova.it\/fr\/wp-json\/wp\/v2\/product_cat?post=5381"},{"taxonomy":"product_tag","embeddable":true,"href":"https:\/\/www.aziendaspiniuova.it\/fr\/wp-json\/wp\/v2\/product_tag?post=5381"}],"curies":[{"name":"wp","href":"https:\/\/api.w.org\/{rel}","templated":true}]}}