{"id":5384,"date":"2015-11-06T15:01:26","date_gmt":"2015-11-06T14:01:26","guid":{"rendered":"https:\/\/www.aziendaspiniuova.it\/prodotto\/oeufs-speciaux-pour-pates-et-pour-patisserie\/"},"modified":"2019-07-26T11:20:57","modified_gmt":"2019-07-26T10:20:57","slug":"oeufs-speciaux-pour-pates-et-pour-patisserie","status":"publish","type":"product","link":"https:\/\/www.aziendaspiniuova.it\/fr\/produit\/oeufs-speciaux-pour-pates-et-pour-patisserie\/","title":{"rendered":"Oeufs sp\u00e9ciaux pour p\u00e2tes et pour p\u00e2tisserie"},"content":{"rendered":"<p>Oeufs de poules \u00e9lev\u00e9es en cage sp\u00e9ciaux, parfaits pour la r\u00e9alisation de g\u00e2teaux et de p\u00e2tisserie<\/p>\n<p><a href=\"https:\/\/www.aziendaspiniuova.it\/wp-content\/uploads\/Scheda-tecnicaUOVA-in-gabbia.pdf\">Fiche technique &#8211; Oeufs sp\u00e9ciaux pour p\u00e2tes et pour p\u00e2tisserie<\/a><\/p>\n","protected":false},"excerpt":{"rendered":"<p>Oeufs de poules \u00e9lev\u00e9es en cage sp\u00e9ciaux, parfaits pour la r\u00e9alisation de g\u00e2teaux et de p\u00e2tisserie Fiche technique &#8211; Oeufs sp\u00e9ciaux pour p\u00e2tes et pour p\u00e2tisserie<\/p>\n","protected":false},"featured_media":4522,"template":"","meta":[],"product_brand":[],"product_cat":[216],"product_tag":[],"class_list":{"0":"post-5384","1":"product","2":"type-product","3":"status-publish","4":"has-post-thumbnail","6":"product_cat-oeufs","8":"first","9":"instock","10":"shipping-taxable","11":"product-type-simple"},"_links":{"self":[{"href":"https:\/\/www.aziendaspiniuova.it\/fr\/wp-json\/wp\/v2\/product\/5384","targetHints":{"allow":["GET"]}}],"collection":[{"href":"https:\/\/www.aziendaspiniuova.it\/fr\/wp-json\/wp\/v2\/product"}],"about":[{"href":"https:\/\/www.aziendaspiniuova.it\/fr\/wp-json\/wp\/v2\/types\/product"}],"wp:featuredmedia":[{"embeddable":true,"href":"https:\/\/www.aziendaspiniuova.it\/fr\/wp-json\/wp\/v2\/media\/4522"}],"wp:attachment":[{"href":"https:\/\/www.aziendaspiniuova.it\/fr\/wp-json\/wp\/v2\/media?parent=5384"}],"wp:term":[{"taxonomy":"product_brand","embeddable":true,"href":"https:\/\/www.aziendaspiniuova.it\/fr\/wp-json\/wp\/v2\/product_brand?post=5384"},{"taxonomy":"product_cat","embeddable":true,"href":"https:\/\/www.aziendaspiniuova.it\/fr\/wp-json\/wp\/v2\/product_cat?post=5384"},{"taxonomy":"product_tag","embeddable":true,"href":"https:\/\/www.aziendaspiniuova.it\/fr\/wp-json\/wp\/v2\/product_tag?post=5384"}],"curies":[{"name":"wp","href":"https:\/\/api.w.org\/{rel}","templated":true}]}}