{"id":5474,"date":"2015-11-06T15:15:34","date_gmt":"2015-11-06T14:15:34","guid":{"rendered":"https:\/\/www.aziendaspiniuova.it\/prodotto\/les-speciaux\/"},"modified":"2019-07-29T08:46:32","modified_gmt":"2019-07-29T07:46:32","slug":"les-speciaux","status":"publish","type":"product","link":"https:\/\/www.aziendaspiniuova.it\/fr\/produit\/les-speciaux\/","title":{"rendered":"LES SP\u00c9CIAUX"},"content":{"rendered":"<p>POUR LES PALAIS LES PLUS CHERS:<\/p>\n<ul>\n<li>SALAME \u00c9PIC\u00c9ES BASTONCINO<\/li>\n<li>SALAMI AUX COURBES \u00c9PIC\u00c9ES<\/li>\n<li>VENTRICINA<\/li>\n<\/ul>\n<p>&nbsp;<\/p>\n","protected":false},"excerpt":{"rendered":"<p>POUR LES PALAIS LES PLUS CHERS: SALAME \u00c9PIC\u00c9ES BASTONCINO SALAMI AUX COURBES \u00c9PIC\u00c9ES VENTRICINA &nbsp;<\/p>\n","protected":false},"featured_media":4526,"template":"","meta":[],"product_brand":[],"product_cat":[232],"product_tag":[],"class_list":{"0":"post-5474","1":"product","2":"type-product","3":"status-publish","4":"has-post-thumbnail","6":"product_cat-charcuterie","8":"first","9":"instock","10":"featured","11":"shipping-taxable","12":"product-type-simple"},"_links":{"self":[{"href":"https:\/\/www.aziendaspiniuova.it\/fr\/wp-json\/wp\/v2\/product\/5474","targetHints":{"allow":["GET"]}}],"collection":[{"href":"https:\/\/www.aziendaspiniuova.it\/fr\/wp-json\/wp\/v2\/product"}],"about":[{"href":"https:\/\/www.aziendaspiniuova.it\/fr\/wp-json\/wp\/v2\/types\/product"}],"wp:featuredmedia":[{"embeddable":true,"href":"https:\/\/www.aziendaspiniuova.it\/fr\/wp-json\/wp\/v2\/media\/4526"}],"wp:attachment":[{"href":"https:\/\/www.aziendaspiniuova.it\/fr\/wp-json\/wp\/v2\/media?parent=5474"}],"wp:term":[{"taxonomy":"product_brand","embeddable":true,"href":"https:\/\/www.aziendaspiniuova.it\/fr\/wp-json\/wp\/v2\/product_brand?post=5474"},{"taxonomy":"product_cat","embeddable":true,"href":"https:\/\/www.aziendaspiniuova.it\/fr\/wp-json\/wp\/v2\/product_cat?post=5474"},{"taxonomy":"product_tag","embeddable":true,"href":"https:\/\/www.aziendaspiniuova.it\/fr\/wp-json\/wp\/v2\/product_tag?post=5474"}],"curies":[{"name":"wp","href":"https:\/\/api.w.org\/{rel}","templated":true}]}}